{"id":15,"date":"2021-03-06T12:19:23","date_gmt":"2021-03-06T09:19:23","guid":{"rendered":"http:\/\/trakgroup.com.tr\/?page_id=15"},"modified":"2021-04-06T10:03:32","modified_gmt":"2021-04-06T07:03:32","slug":"mobilya","status":"publish","type":"page","link":"https:\/\/trakgroup.com.tr\/index.php\/mobilya\/","title":{"rendered":"MOB\u0130LYA"},"content":{"rendered":"\t\t<div data-elementor-type=\"wp-page\" data-elementor-id=\"15\" class=\"elementor elementor-15\" data-elementor-settings=\"[]\">\n\t\t\t\t\t\t\t<div class=\"elementor-section-wrap\">\n\t\t\t\t\t\t\t<section class=\"elementor-section elementor-top-section elementor-element elementor-element-5369b1c elementor-section-full_width elementor-section-height-min-height elementor-section-items-stretch elementor-section-content-middle elementor-section-height-default\" data-id=\"5369b1c\" data-element_type=\"section\" data-settings=\"{&quot;background_background&quot;:&quot;none&quot;}\">\n\t\t\t\t\t\t<div class=\"elementor-container elementor-column-gap-no\">\n\t\t\t\t\t<div class=\"elementor-column elementor-col-100 elementor-top-column elementor-element elementor-element-348852d2\" data-id=\"348852d2\" data-element_type=\"column\" data-settings=\"{&quot;background_background&quot;:&quot;classic&quot;}\">\n\t\t\t<div class=\"elementor-widget-wrap elementor-element-populated\">\n\t\t\t\t\t\t\t\t<div class=\"elementor-element elementor-element-5a94e013 elementor-cta--layout-image-left elementor-cta--mobile-layout-image-above elementor-cta--skin-classic elementor-animated-content elementor-widget elementor-widget-call-to-action\" data-id=\"5a94e013\" data-element_type=\"widget\" data-widget_type=\"call-to-action.default\">\n\t\t\t\t<div class=\"elementor-widget-container\">\n\t\t\t\t\t<div  class=\"elementor-cta\">\n\t\t\t\t\t<div class=\"elementor-cta__bg-wrapper\">\n\t\t\t\t<div class=\"elementor-cta__bg elementor-bg\" style=\"background-image: url(https:\/\/trakgroup.com.tr\/wp-content\/uploads\/2021\/03\/WhatsApp-Image-2021-03-24-at-08.50.57-2-1024x870.jpeg);\"><\/div>\n\t\t\t\t<div class=\"elementor-cta__bg-overlay\"><\/div>\n\t\t\t<\/div>\n\t\t\t\t\t\t\t<div class=\"elementor-cta__content\">\n\t\t\t\t\t\t\t\t\t<div class=\"elementor-content-item elementor-cta__content-item elementor-cta__image\">\n\t\t\t\t\t\t<img loading=\"lazy\" decoding=\"async\" width=\"248\" height=\"64\" src=\"https:\/\/trakgroup.com.tr\/wp-content\/uploads\/2021\/03\/trakhome-1.png\" class=\"attachment-full size-full\" alt=\"\" style=\"width:100%;height:25.81%;max-width:248px;\" \/>\t\t\t\t\t<\/div>\n\t\t\t\t\n\t\t\t\t\n\t\t\t\t\t\t\t\t\t<div class=\"elementor-cta__description elementor-cta__content-item elementor-content-item\">\n\t\t\t\t\t\t  Trakhome Tasar\u0131m Mobilya ve Dal\u0131\u015fmanl\u0131k A.\u015e.   TRAKYA BORU, TRAKHOME, TRAKYAPI MARKET firmalar\u0131n\u0131 b\u00fcnyesinde bulunduran, TRAKGROUP yat\u0131r\u0131mlar\u0131n\u0131n en gen\u00e7 \u015firketidir. <br><br>\n\u200b\n     Trakhome Tasar\u0131m Mobilya ve Dal\u0131\u015fmanl\u0131k A.\u015e. mobilya sekt\u00f6r\u00fcnde b\u00f6lgedeki en sayg\u0131n firmalardan biridir. 5000 m\u00b2 kapal\u0131 alana sahip fabrikam\u0131zda, mutfak dolab\u0131, banyo dolab\u0131, ev ve ofis mobilyalar\u0131 imalatlar\u0131 yap\u0131lmaktad\u0131r. En yeni teknoloji ile donatt\u0131\u011f\u0131m\u0131z fabrikam\u0131z, gerek ki\u015fiye \u00f6zel tasar\u0131mlar, gerekse evinize renk katmak istedi\u011finizde mobilyalar\u0131n\u0131z\u0131n yenilenmesi i\u00e7in gerekli titizlikle \u00fcretim yapan bir tesistir.\n\n\u200b<br><br>\n <b>Misyonumuz:<\/b>&nbsp;&nbsp;\n\n\u200b\n\nUlusal markalar\u0131n yan\u0131 s\u0131ra, yerel marka olarak, orta ve \u00fcst segment m\u00fc\u015fterilerimize ergonomik, kaliteli \u00fcr\u00fcn ve hizmet vermek.\n\nUluslararas\u0131 markalarla (Hafele) yapt\u0131\u011f\u0131m\u0131z i\u015f birli\u011fi ile ev ve ofis mobilyalar\u0131 imalat\u0131nda, sizlere konforlu ve uygun \u00fcr\u00fcnler sunmak.\n\n\u200b\n<br><br>\n     <b>Hedefimiz:<\/b>&nbsp;&nbsp;\n\n\u200b\n\n     \u0130malat\u0131m\u0131z\u0131n hacmini b\u00fcy\u00fcterek, sizlere kaliteli \u00fcr\u00fcnler sunarken, i\u015fsizlik sorunu konusunda \u00e7\u00f6z\u00fcm orta\u011f\u0131 olarak, b\u00f6lge istihdam\u0131na katk\u0131 sa\u011flamakt\u0131r.\t\t\t\t\t<\/div>\n\t\t\t\t\n\t\t\t\t\t\t\t<\/div>\n\t\t\t\t\t\t<\/div>\n\t\t\t\t<\/div>\n\t\t\t\t<\/div>\n\t\t\t\t\t<\/div>\n\t\t<\/div>\n\t\t\t\t\t\t\t<\/div>\n\t\t<\/section>\n\t\t\t\t<section class=\"elementor-section elementor-top-section elementor-element elementor-element-77430073 elementor-section-full_width elementor-section-height-default elementor-section-height-default\" data-id=\"77430073\" data-element_type=\"section\">\n\t\t\t\t\t\t<div class=\"elementor-container elementor-column-gap-no\">\n\t\t\t\t\t<div class=\"elementor-column elementor-col-100 elementor-top-column elementor-element elementor-element-f9fc065\" data-id=\"f9fc065\" data-element_type=\"column\">\n\t\t\t<div class=\"elementor-widget-wrap elementor-element-populated\">\n\t\t\t\t\t\t\t\t<div class=\"elementor-element elementor-element-28058f25 elementor-widget elementor-widget-heading\" data-id=\"28058f25\" data-element_type=\"widget\" data-widget_type=\"heading.default\">\n\t\t\t\t<div class=\"elementor-widget-container\">\n\t\t\t<h2 class=\"elementor-heading-title elementor-size-default\">Mobilya<BR>tasar\u0131m<\/h2>\t\t<\/div>\n\t\t\t\t<\/div>\n\t\t\t\t\t<\/div>\n\t\t<\/div>\n\t\t\t\t\t\t\t<\/div>\n\t\t<\/section>\n\t\t\t\t<section class=\"elementor-section elementor-top-section elementor-element elementor-element-6f9dd120 elementor-section-boxed elementor-section-height-default elementor-section-height-default\" data-id=\"6f9dd120\" data-element_type=\"section\" data-settings=\"{&quot;background_background&quot;:&quot;classic&quot;}\">\n\t\t\t\t\t\t<div class=\"elementor-container elementor-column-gap-no\">\n\t\t\t\t\t<div class=\"elementor-column elementor-col-100 elementor-top-column elementor-element elementor-element-3309981a\" data-id=\"3309981a\" data-element_type=\"column\">\n\t\t\t<div class=\"elementor-widget-wrap elementor-element-populated\">\n\t\t\t\t\t\t\t\t<div class=\"elementor-element elementor-element-44ddbb13 elementor-widget elementor-widget-heading\" data-id=\"44ddbb13\" data-element_type=\"widget\" data-widget_type=\"heading.default\">\n\t\t\t\t<div class=\"elementor-widget-container\">\n\t\t\t<h3 class=\"elementor-heading-title elementor-size-default\">T\u00fcm Mobilya \u0130htiya\u00e7lar\u0131n\u0131z \u0130\u00e7in Yan\u0131n\u0131zday\u0131z!<\/h3>\t\t<\/div>\n\t\t\t\t<\/div>\n\t\t\t\t\t<\/div>\n\t\t<\/div>\n\t\t\t\t\t\t\t<\/div>\n\t\t<\/section>\n\t\t\t\t<section class=\"elementor-section elementor-top-section elementor-element elementor-element-e124fea elementor-section-boxed elementor-section-height-default elementor-section-height-default\" data-id=\"e124fea\" data-element_type=\"section\">\n\t\t\t\t\t\t<div class=\"elementor-container elementor-column-gap-default\">\n\t\t\t\t\t<div class=\"elementor-column elementor-col-100 elementor-top-column elementor-element elementor-element-8c3ac13\" data-id=\"8c3ac13\" data-element_type=\"column\">\n\t\t\t<div class=\"elementor-widget-wrap elementor-element-populated\">\n\t\t\t\t\t\t\t\t<div class=\"elementor-element elementor-element-c51fb5d elementor-skin-carousel elementor-arrows-yes elementor-pagination-type-bullets elementor-pagination-position-outside elementor-widget elementor-widget-media-carousel\" data-id=\"c51fb5d\" data-element_type=\"widget\" data-settings=\"{&quot;skin&quot;:&quot;carousel&quot;,&quot;effect&quot;:&quot;slide&quot;,&quot;show_arrows&quot;:&quot;yes&quot;,&quot;pagination&quot;:&quot;bullets&quot;,&quot;speed&quot;:500,&quot;autoplay&quot;:&quot;yes&quot;,&quot;autoplay_speed&quot;:5000,&quot;loop&quot;:&quot;yes&quot;,&quot;pause_on_hover&quot;:&quot;yes&quot;,&quot;pause_on_interaction&quot;:&quot;yes&quot;,&quot;space_between&quot;:{&quot;unit&quot;:&quot;px&quot;,&quot;size&quot;:10,&quot;sizes&quot;:[]},&quot;space_between_tablet&quot;:{&quot;unit&quot;:&quot;px&quot;,&quot;size&quot;:10,&quot;sizes&quot;:[]},&quot;space_between_mobile&quot;:{&quot;unit&quot;:&quot;px&quot;,&quot;size&quot;:10,&quot;sizes&quot;:[]}}\" data-widget_type=\"media-carousel.default\">\n\t\t\t\t<div class=\"elementor-widget-container\">\n\t\t\t\t\t<div class=\"elementor-swiper\">\n\t\t\t<div class=\"elementor-main-swiper swiper-container\">\n\t\t\t\t<div class=\"swiper-wrapper\">\n\t\t\t\t\t\t\t\t\t\t\t<div class=\"swiper-slide\">\n\t\t\t\t\t\t\t\t\t<div class=\"elementor-carousel-image\" style=\"background-image: url(https:\/\/trakgroup.com.tr\/wp-content\/uploads\/2021\/03\/WhatsApp-Image-2021-03-24-at-08.50.57-2.jpeg)\">\n\t\t\t\t\t<\/div>\n\t\t\t\t\t\t\t\t<\/div>\n\t\t\t\t\t\t\t\t\t\t\t<div class=\"swiper-slide\">\n\t\t\t\t\t\t\t\t\t<div class=\"elementor-carousel-image\" style=\"background-image: url(https:\/\/trakgroup.com.tr\/wp-content\/uploads\/2021\/03\/WhatsApp-Image-2021-03-24-at-08.51.02-1.jpeg)\">\n\t\t\t\t\t<\/div>\n\t\t\t\t\t\t\t\t<\/div>\n\t\t\t\t\t\t\t\t\t\t\t<div class=\"swiper-slide\">\n\t\t\t\t\t\t\t\t\t<div class=\"elementor-carousel-image\" style=\"background-image: url(https:\/\/trakgroup.com.tr\/wp-content\/uploads\/2021\/03\/WhatsApp-Image-2021-03-24-at-08.51.02.jpeg)\">\n\t\t\t\t\t<\/div>\n\t\t\t\t\t\t\t\t<\/div>\n\t\t\t\t\t\t\t\t\t\t\t<div class=\"swiper-slide\">\n\t\t\t\t\t\t\t\t\t<div class=\"elementor-carousel-image\" style=\"background-image: url(https:\/\/trakgroup.com.tr\/wp-content\/uploads\/2021\/03\/WhatsApp-Image-2021-03-24-at-08.50.57.jpeg)\">\n\t\t\t\t\t<\/div>\n\t\t\t\t\t\t\t\t<\/div>\n\t\t\t\t\t\t\t\t\t\t\t<div class=\"swiper-slide\">\n\t\t\t\t\t\t\t\t\t<div class=\"elementor-carousel-image\" style=\"background-image: url(https:\/\/trakgroup.com.tr\/wp-content\/uploads\/2021\/03\/WhatsApp-Image-2021-03-24-at-08.50.58.jpeg)\">\n\t\t\t\t\t<\/div>\n\t\t\t\t\t\t\t\t<\/div>\n\t\t\t\t\t\t\t\t\t<\/div>\n\t\t\t\t\t\t\t\t\t\t\t\t\t\t\t<div class=\"swiper-pagination\"><\/div>\n\t\t\t\t\t\t\t\t\t\t\t\t\t\t\t\t<div class=\"elementor-swiper-button elementor-swiper-button-prev\">\n\t\t\t\t\t\t\t<i class=\"eicon-chevron-left\" aria-hidden=\"true\"><\/i>\n\t\t\t\t\t\t\t<span class=\"elementor-screen-only\">Previous<\/span>\n\t\t\t\t\t\t<\/div>\n\t\t\t\t\t\t<div class=\"elementor-swiper-button elementor-swiper-button-next\">\n\t\t\t\t\t\t\t<i class=\"eicon-chevron-right\" aria-hidden=\"true\"><\/i>\n\t\t\t\t\t\t\t<span class=\"elementor-screen-only\">Next<\/span>\n\t\t\t\t\t\t<\/div>\n\t\t\t\t\t\t\t\t\t\t\t\t<\/div>\n\t\t<\/div>\n\t\t\t\t<\/div>\n\t\t\t\t<\/div>\n\t\t\t\t\t<\/div>\n\t\t<\/div>\n\t\t\t\t\t\t\t<\/div>\n\t\t<\/section>\n\t\t\t\t\t\t<\/div>\n\t\t\t\t\t<\/div>\n\t\t","protected":false},"excerpt":{"rendered":"<p>Trakhome Tasar\u0131m Mobilya ve Dal\u0131\u015fmanl\u0131k A.\u015e. TRAKYA BORU, TRAKHOME, TRAKYAPI MARKET firmalar\u0131n\u0131 b\u00fcnyesinde bulunduran, TRAKGROUP yat\u0131r\u0131mlar\u0131n\u0131n en gen\u00e7 \u015firketidir. \u200b Trakhome Tasar\u0131m Mobilya ve Dal\u0131\u015fmanl\u0131k A.\u015e. mobilya sekt\u00f6r\u00fcnde b\u00f6lgedeki en sayg\u0131n firmalardan biridir. 5000 m\u00b2 kapal\u0131 alana sahip fabrikam\u0131zda, mutfak dolab\u0131, banyo dolab\u0131, ev ve ofis mobilyalar\u0131 imalatlar\u0131 yap\u0131lmaktad\u0131r. En yeni teknoloji ile donatt\u0131\u011f\u0131m\u0131z fabrikam\u0131z,&hellip; <a class=\"more-link\" href=\"https:\/\/trakgroup.com.tr\/index.php\/mobilya\/\">Okumaya devam et <span class=\"screen-reader-text\">MOB\u0130LYA<\/span><\/a><\/p>\n","protected":false},"author":1,"featured_media":0,"parent":0,"menu_order":0,"comment_status":"closed","ping_status":"closed","template":"elementor_header_footer","meta":{"footnotes":""},"class_list":["post-15","page","type-page","status-publish","hentry","entry"],"_links":{"self":[{"href":"https:\/\/trakgroup.com.tr\/index.php\/wp-json\/wp\/v2\/pages\/15","targetHints":{"allow":["GET"]}}],"collection":[{"href":"https:\/\/trakgroup.com.tr\/index.php\/wp-json\/wp\/v2\/pages"}],"about":[{"href":"https:\/\/trakgroup.com.tr\/index.php\/wp-json\/wp\/v2\/types\/page"}],"author":[{"embeddable":true,"href":"https:\/\/trakgroup.com.tr\/index.php\/wp-json\/wp\/v2\/users\/1"}],"replies":[{"embeddable":true,"href":"https:\/\/trakgroup.com.tr\/index.php\/wp-json\/wp\/v2\/comments?post=15"}],"version-history":[{"count":46,"href":"https:\/\/trakgroup.com.tr\/index.php\/wp-json\/wp\/v2\/pages\/15\/revisions"}],"predecessor-version":[{"id":958,"href":"https:\/\/trakgroup.com.tr\/index.php\/wp-json\/wp\/v2\/pages\/15\/revisions\/958"}],"wp:attachment":[{"href":"https:\/\/trakgroup.com.tr\/index.php\/wp-json\/wp\/v2\/media?parent=15"}],"curies":[{"name":"wp","href":"https:\/\/api.w.org\/{rel}","templated":true}]}}