{"id":1353,"date":"2026-04-28T15:28:33","date_gmt":"2026-04-28T12:28:33","guid":{"rendered":"https:\/\/trakgroup.com.tr\/?page_id=1353"},"modified":"2026-04-29T14:07:38","modified_gmt":"2026-04-29T11:07:38","slug":"iletisim","status":"publish","type":"page","link":"https:\/\/trakgroup.com.tr\/index.php\/iletisim\/","title":{"rendered":"\u0130LET\u0130\u015e\u0130M"},"content":{"rendered":"","protected":false},"excerpt":{"rendered":"","protected":false},"author":1,"featured_media":0,"parent":0,"menu_order":0,"comment_status":"closed","ping_status":"closed","template":"full-width","meta":{"saved_in_kubio":true,"footnotes":""},"class_list":["post-1353","page","type-page","status-publish","hentry"],"kubio_ai_page_context":{"short_desc":"","purpose":"general"},"_links":{"self":[{"href":"https:\/\/trakgroup.com.tr\/index.php\/wp-json\/wp\/v2\/pages\/1353","targetHints":{"allow":["GET"]}}],"collection":[{"href":"https:\/\/trakgroup.com.tr\/index.php\/wp-json\/wp\/v2\/pages"}],"about":[{"href":"https:\/\/trakgroup.com.tr\/index.php\/wp-json\/wp\/v2\/types\/page"}],"author":[{"embeddable":true,"href":"https:\/\/trakgroup.com.tr\/index.php\/wp-json\/wp\/v2\/users\/1"}],"replies":[{"embeddable":true,"href":"https:\/\/trakgroup.com.tr\/index.php\/wp-json\/wp\/v2\/comments?post=1353"}],"version-history":[{"count":11,"href":"https:\/\/trakgroup.com.tr\/index.php\/wp-json\/wp\/v2\/pages\/1353\/revisions"}],"predecessor-version":[{"id":1403,"href":"https:\/\/trakgroup.com.tr\/index.php\/wp-json\/wp\/v2\/pages\/1353\/revisions\/1403"}],"wp:attachment":[{"href":"https:\/\/trakgroup.com.tr\/index.php\/wp-json\/wp\/v2\/media?parent=1353"}],"curies":[{"name":"wp","href":"https:\/\/api.w.org\/{rel}","templated":true}]}}